{"id":1855,"date":"2024-05-01T09:39:25","date_gmt":"2024-05-01T09:39:25","guid":{"rendered":"https:\/\/xn--psykologkajhj-mnb.dk\/?page_id=1855"},"modified":"2025-06-17T09:45:44","modified_gmt":"2025-06-17T09:45:44","slug":"hvad-kendetegner-narcissisme-og-narcissistiske-traek","status":"publish","type":"page","link":"https:\/\/xn--psykologkajhj-mnb.dk\/index.php\/hvad-kendetegner-narcissisme-og-narcissistiske-traek\/","title":{"rendered":"Hvad kendetegner narcissisme og narcissistiske tr\u00e6k?"},"content":{"rendered":"\n<p><strong>Vi udviser alle tegn p\u00e5 narcissistiske tr\u00e6k<\/strong>, men tr\u00e6kkene skal anskues ud fra et kontinuum, hvor nogle udviser f\u00e5 tr\u00e6k, mens andre scorer h\u00f8jt p\u00e5 disse. B\u00f8rn og teenagere udviser hyppigt forh\u00f8jet tegn p\u00e5 narcissistiske tr\u00e6k, hvilket er en naturlig del af barnets udviklingssti. Alle mennesker kan have perioder, hvor de mere selvfokuserede, mens udtalt narcissisme er en observerbar adf\u00e6rd p\u00e5 tv\u00e6rs af tid og sted. En v\u00e6sentlig pointe er, at selvom flere har tendenser, s\u00e5 er det ikke fyldestg\u00f8rende nok til at opfylde kriterierne for en diagnose.&nbsp;<strong>Menneskeheden kan sagtens v\u00e6re selvcentreret eller ubehagelige mod hinanden, uden det har grobund i psykopatologi.<\/strong><\/p>\n\n\n\n<p>If\u00f8lge&nbsp;<strong>DSM-5<\/strong>&nbsp;(<strong>Diagnostic and Statistical Manual of Mental Disorders<\/strong>) kendetegnes en narcissistisk personlighedsforstyrrelse ved udtalte m\u00f8nstre af grandiositet, et stort behov for beundring og en manglende eller nedsat empati. Adf\u00e6rden skal kunne observeres p\u00e5 tv\u00e6rs af kontekster, samt inkludere 5 eller flere af nedenst\u00e5ende kriterier. Det vil sige 1) individets har en&nbsp;<strong><em>overdreven grandios tro p\u00e5 egen betydning<\/em><\/strong>&nbsp;(overdriver egne pr\u00e6stationer og talenter) 2) optaget af&nbsp;<strong><em>fantasier om ubegr\u00e6nset succes, magt, intelligens, udseende<\/em><\/strong>&nbsp;<strong><em>og k\u00e6rlighed<\/em><\/strong>&nbsp;3) har&nbsp;<strong><em>overbevisninger om at v\u00e6re<\/em><\/strong>&nbsp;<strong><em>speciel og unik<\/em><\/strong><em>,&nbsp;<\/em>hvor individet kun skal associeres med mennesker og institutioner med en s\u00e6rlig status 4) individet har et&nbsp;<strong><em>overdrevent behov for beundring<\/em><\/strong>&nbsp;5) samt&nbsp;<em>en&nbsp;<strong>f\u00f8lelse af berettigelse og krav om en speciel behandling<\/strong><\/em>&nbsp;6)&nbsp;<strong><em>interpersonel udnyttelse<\/em><\/strong>, hvor individet udnytter andre til egne form\u00e5l 7)&nbsp;<strong><em>en manglende empati<\/em><\/strong>&nbsp;8)&nbsp;<strong><em>misundelse<\/em><\/strong>&nbsp;\u2013 misundelig p\u00e5 andre eller troen p\u00e5 andre er misundelige p\u00e5 dem 9) fremst\u00e5r oftest&nbsp;<strong><em>arrogant, udviser hovmodig adf\u00e6rd<\/em><\/strong>&nbsp;<strong><em>eller lignende holdninger<\/em><\/strong>.<\/p>\n\n\n\n<p>Kriterierne henviser til den grandiose forst\u00e5else af NPD. De vigtigste observationer er&nbsp;<strong>de grandiose forestillinger, det store behov for beundring og den manglende empati<\/strong>.<\/p>\n\n\n\n<p>I ICD-10 eller ICD-11 (International Statistical Classification of Diseases and Related Health Problems) anvendes der ikke den sproglige kategorisering \u2013&nbsp;<em>Narcissistisk personlighedsforstyrrelse<\/em>. Det er kun i DSM-5. Navnet er i realiteten underordnet, da det er adf\u00e6rden, og de vanskeligheder individet oplever, som er det centrale for at forst\u00e5 eller behandle individet. &nbsp;<\/p>\n\n\n\n<p>I ICD-11 er&nbsp;<strong>personlighedsforstyrrelser kategoriseret i sv\u00e6rhedsgraderne&nbsp;<em>(mild, moderat og sv\u00e6r<\/em>&nbsp;\/&nbsp;<em>personlighedsvanskeligheder og uspecificeret sv\u00e6rhedsgrad&nbsp;<\/em>) samt flere&nbsp;till\u00e6gskoder\/tr\u00e6kdom\u00e6ner&nbsp;<em>(negativ affektivitet, tilbagetr\u00e6kning, dyssocialitet, disinhibition, anankasme \/ samt et ekstra \u2013 borderline-m\u00f8nster<\/em>)<\/strong>, hvilket kan kombineres i flere sammens\u00e6tninger. Det relativt nye diagnosesystem g\u00f8r det nemmere at sammens\u00e6tte individets udfordringer, uden at der skal indg\u00e5 flere komorbide diagnoser. Adf\u00e6rden skal have v\u00e6ret observeret i en l\u00e6ngere tidshorisont. Der skal v\u00e6re en vedvarende forstyrrelse i selvet&nbsp;<em>(fx selvv\u00e6rd, identitet og m\u00e5lrettethed<\/em>) og\/eller dysfunktion i interpersonelle relationer (<em>fx evnen til at fastholde relationer, h\u00e5ndtere konflikter samt gensidighed<\/em>). Det forventes, at individet har forstyrrelser i kognition, adf\u00e6rd, f\u00f8lelsesm\u00e6ssige reaktioner og oplevelser, som kan v\u00e6re ufleksibel eller skaber udfordringer med den personlige emotionsregulering. Det skaber betydelig lidelse samt udfordringer hos individet med forstyrrelsen&nbsp;<em>(fx socialt, arbejde og uddannelse<\/em>).&nbsp;<\/p>\n\n\n\n<p>Den narcissistiske personlighedsforstyrrelse defineres hovedsageligt med&nbsp;<strong>dyssocialitet<\/strong>&nbsp;(<em>fx selvcentrering, en mangelfuld empati, hvor de to involverer blandt andet udnyttelse af andre, overlegenhed, krav p\u00e5 en speciel behandling<\/em>) som fundamentet, hvor fx tr\u00e6kdom\u00e6nerne&nbsp;<strong>dyssocialitet samt anankasme<\/strong>&nbsp;<em>(fx perfektionisme er rammes\u00e6ttende for overdreven detaljeorienteret og forf\u00e6ngelighed, samt en udtalt ufleksibilitet og rigiditet i egen holdninger og overbevisninger<\/em>)<strong>&nbsp;kan anskues v\u00e6rende den grandiose narcissisme.<\/strong>&nbsp;<\/p>\n\n\n\n<p><strong>Dyssocialitet og negativ affektivitet&nbsp;<\/strong>(<em>fx oplevelsen af negative emotioner (fx s\u00e5rbarhed, skam, vrede, fjendtlighed, angst, depression), emotions labilitet, udfordringer med emotionsregulering (fx en voldsom reaktion p\u00e5 kritik eller trusler, en lav frustrationst\u00e6rkel), negativistiske holdninger (fx bebrejder andre eller lytter ikke til deres r\u00e5d<\/em>), lavt selvv\u00e6rd og selvtillid&nbsp;<em>(fx kan v\u00e6re afh\u00e6ngige af andre i form af validering, misundelse over andres succes)<\/em>&nbsp;og mistillid (<em>fx b\u00e6re nag, bitterhed og kynisme<\/em>).&nbsp;<strong>Dyssocialitet og negativ affektivitet peger i retning af den s\u00e5rbare narcissisme,<\/strong>&nbsp;hvori et lavt selvv\u00e6rd skaber fundamentet for misundelse, f\u00f8lelser af skam, s\u00e5rbarhed og sensitivitet overfor kritik eller trusler mod selvet. ICD-11 giver muligheden for kombinationen af flere tr\u00e6k. Det kan give en fyldestg\u00f8rende forst\u00e5else af individets udfordringer. Det vil sige, at individet eksempelvist kan have dyssociale tr\u00e6k (dyssocialitet) med impulsitivitet, risikoadf\u00e6rd og uansvarlighed (disinhibition) i en kombination (dyssocial \/ psykopati), hvor de enkelte tidligere kategorier og diagnoser reelt set afskaffes.<\/p>\n\n\n\n<p>ICD-11\u00b4s klassifikationen af personlighedsforstyrrelser er fortsat under implementering i praksis, da det er en ny m\u00e5de at tilg\u00e5 diagnostisering af personlighedsforstyrrelser. B\u00e5de ICD-11 og DSM-5 har overordnet set tilsvarende kriterier eller tr\u00e6k, hvor udfordringerne navngives forskelligt.<\/p>\n\n\n\n<p>If\u00f8lge DSM-5 estimeres&nbsp;<strong>0 \u2013 6.2 %<\/strong>&nbsp;at have en narcissistisk personlighedsforstyrrelse, hvilket er de individer, der opfylder mindst 5 af kriterierne. Det vil sige, at den procentvise fordeling er forh\u00f8jet, hvis man fx inkluderer opfyldelsen af 3 eller 4 kriterier. Nogle psykologer har postuleret, at pr\u00e6valensen er h\u00f8jere end 6.2 %, \u00c5rsagen kan v\u00e6re, at psykologen ofte modtager henvendelser fra p\u00e5r\u00f8rende, som mener, at fx deres partner, ekspartner eller et familiemedlem udviser forh\u00f8jet narcissistiske tr\u00e6k. Men kan psykologen foretage en vurdering af, om de omtalte individer opfylder alle 5 kriterier for NPD? I forl\u00e6ngelse baseret p\u00e5 andres observationer, der kan v\u00e6re farvede af deres egne subjektive f\u00f8lelser, oplevelser og forestillinger? Det er dog sj\u00e6ldent, at den NPD ramte ops\u00f8ger sundhedsv\u00e6snet for hj\u00e6lp eller udredning, med mindre det fx er for depression.<\/p>\n\n\n\n<p>Unders\u00f8gelser peger i retning af, at det mandlige k\u00f8n udviser flere tegn p\u00e5 narcissisme komparativt med kvinderne. Personlighedsforstyrrelsen har en k\u00f8nsfordelingen for m\u00e6nd p\u00e5 50 \u2013 75 %. Modsatrettet diagnosticeres flere kvinder med borderline. Der debatteres dog, at m\u00e6nds narcissisme oftest er den grandiose &#8211; \u00e5benlyse fremtr\u00e6delsesform, hvor kvindernes hovedsageligt er den s\u00e5rbare &#8211; skjulte. Narcissismens udtryksform varierer formentligt fra k\u00f8n til k\u00f8n, som man eksempelvis ser hos andre psykiske lidelser eller forstyrrelser. Det vil sige, at nogle af symptomerne manifesterer sig anderledes mellem k\u00f8nnene, hvilket kan v\u00e6re problematisk, n\u00e5r der foretages en diagnosticeringen.<\/p>\n\n\n\n<p>M\u00e6nd ops\u00f8ger sj\u00e6ldent hj\u00e6lp p\u00e5 samme niveau som kvinderne, hvis de oplever emotionel eller fysisk vold fra deres partner. Forskning underst\u00f8tter, at m\u00e6nd ikke er gode til at ops\u00f8ge hj\u00e6lp, n\u00e5r det kommer til deres udfordringer og mistrivsel. Det er tabuiseret og forbundet med f\u00f8lelser af skam. M\u00e6nd skal fremst\u00e5 st\u00e6rke og robuste, hvilket begr\u00e6nser den mandlige udtryksform, og deres evne til at ops\u00f8ge hj\u00e6lp. N\u00e5r m\u00e6nds narcissisme ikke er skadelig for andre, er det m\u00e5ske funderet i et evolution\u00e6rt perspektiv. De unge kvinder er tiltrukket af m\u00e6nds status og finansielle ressourcer, hvor forskning peger p\u00e5, at kvinder helst vil udv\u00e6lge en partner med minimum samme finansielle \u2013 og uddannelsesniveau, som dem selv. M\u00e6nds str\u00e6ben efter statussymboler og ressourcer, s\u00e6tter manden i en konkurrencedygtig position, n\u00e5r det kommer til rivaliseringen mellem m\u00e6nd. Den h\u00f8je placering i statushierarkiet medf\u00f8rer, at han er ekstra interessant hos det modsatte k\u00f8n. <\/p>\n\n\n\n<p>En anden overvejelse kan v\u00e6re, hvorvidt nogle mennesker, som har udfordringer ved at tr\u00e6ffe beslutninger, tage intiativ eller udtrykke egne meninger og behov, de inviterer til, at partneren generelt tager styringen i forholdet. Det kan efterf\u00f8lgende fortolkes som kontrollerende adf\u00e6rd, men dyaden i parforholdet bidrager til adf\u00e6rdsdynamikkerne. Dermed v\u00e6re ikke sagt, at nogle partnere er kontrollerende.<\/p>\n\n\n\n<p>Det er vigtigt at formidle, at alle mennesker udviser tr\u00e6k, hvor nogle af de adf\u00e6rdsdynamikker, som vil blive beskrevet i de n\u00e6ste afsnit, kan du m\u00e5ske genkende hos dig selv eller hos andre. N\u00e5r et menneske mistrives (fx depression og belastningstilstande) eller har et lavt selvv\u00e6rd, er der en forh\u00f8jet risiko for, at individet reagerer ud mod omgivelserne eller har et forh\u00f8jet behov for anerkendelse og bekr\u00e6ftelse. Flere mennesker k\u00e6mper med et lavt selvv\u00e6rd, hvilket oftest stabiliseres, n\u00e5r de bliver \u00e6ldre. N\u00e5r du har et lavt selvv\u00e6rd, er du som regel ikke en narcissist. De n\u00e6ste afsnit vil belyse de kriterier og de adf\u00e6rdsm\u00e6ssige fremtr\u00e6delsesformer, som kan observeres hos den narcissistiske person. Du skal v\u00e6re s\u00e6rligt opm\u00e6rksom p\u00e5, om adf\u00e6rdsm\u00f8nstrene har v\u00e6ret fremtr\u00e6dende i en l\u00e6ngere tidshorisont, samt om flere af kriterierne er sidel\u00f8bende til stede. Det er ikke unormalt, at n\u00e5r man har en relation til en narcissistiske person, s\u00e5 oplever man b\u00e5de gode og d\u00e5rlige perioder. Det er netop denne vekselvirkning, som har betydning for, hvorfor nogle fors\u00e6tter relationen, idet alle interaktioner ikke er negative. En personlighedsforstyrrelse er en deskriptiv forklaring p\u00e5 de adf\u00e6rdsm\u00f8nstre eller forsvarsmekanismer, som manifesterer sig oftere hos nogle individer. Adf\u00e6rden er uden for normen, hvilket vil sige, at de fleste ikke udviser den i en given kultur. Desuden er adf\u00e6rden forbundet med mistrivsel hos individet selv eller omgivelserne.<\/p>\n\n\n\n<p>DSM-5 og ICD-11 manualen.<\/p>\n\n\n\n<p>Bach, B. S., &amp; Simonsen, S.&nbsp;(2023).&nbsp;<em>ICD-11 Personlighedsforstyrrelser \u2013 En Klinisk Vejledning<\/em>. Hogrefe Verlag.&nbsp;<\/p>\n\n\n\n<p><\/p>\n","protected":false},"excerpt":{"rendered":"<p>Vi udviser alle tegn p\u00e5 narcissistiske tr\u00e6k, men tr\u00e6kkene skal anskues ud fra et kontinuum, hvor nogle udviser f\u00e5 tr\u00e6k, mens andre scorer h\u00f8jt p\u00e5 disse. B\u00f8rn og teenagere udviser hyppigt forh\u00f8jet tegn p\u00e5 narcissistiske tr\u00e6k, hvilket er en naturlig del af barnets udviklingssti. Alle mennesker kan have perioder, hvor de mere selvfokuserede, mens udtalt&#8230;<\/p>\n","protected":false},"author":1,"featured_media":0,"parent":0,"menu_order":0,"comment_status":"closed","ping_status":"closed","template":"","meta":{"_uf_show_specific_survey":0,"_uf_disable_surveys":false,"footnotes":""},"class_list":["post-1855","page","type-page","status-publish","hentry"],"_links":{"self":[{"href":"https:\/\/xn--psykologkajhj-mnb.dk\/index.php\/wp-json\/wp\/v2\/pages\/1855","targetHints":{"allow":["GET"]}}],"collection":[{"href":"https:\/\/xn--psykologkajhj-mnb.dk\/index.php\/wp-json\/wp\/v2\/pages"}],"about":[{"href":"https:\/\/xn--psykologkajhj-mnb.dk\/index.php\/wp-json\/wp\/v2\/types\/page"}],"author":[{"embeddable":true,"href":"https:\/\/xn--psykologkajhj-mnb.dk\/index.php\/wp-json\/wp\/v2\/users\/1"}],"replies":[{"embeddable":true,"href":"https:\/\/xn--psykologkajhj-mnb.dk\/index.php\/wp-json\/wp\/v2\/comments?post=1855"}],"version-history":[{"count":13,"href":"https:\/\/xn--psykologkajhj-mnb.dk\/index.php\/wp-json\/wp\/v2\/pages\/1855\/revisions"}],"predecessor-version":[{"id":3884,"href":"https:\/\/xn--psykologkajhj-mnb.dk\/index.php\/wp-json\/wp\/v2\/pages\/1855\/revisions\/3884"}],"wp:attachment":[{"href":"https:\/\/xn--psykologkajhj-mnb.dk\/index.php\/wp-json\/wp\/v2\/media?parent=1855"}],"curies":[{"name":"wp","href":"https:\/\/api.w.org\/{rel}","templated":true}]}}