{"id":1861,"date":"2024-05-01T09:41:04","date_gmt":"2024-05-01T09:41:04","guid":{"rendered":"https:\/\/xn--psykologkajhj-mnb.dk\/?page_id=1861"},"modified":"2026-04-19T12:11:06","modified_gmt":"2026-04-19T12:11:06","slug":"den-grandiose-overt-aabenlyse-saarbare-covert-skjulte-narcissisme","status":"publish","type":"page","link":"https:\/\/xn--psykologkajhj-mnb.dk\/index.php\/den-grandiose-overt-aabenlyse-saarbare-covert-skjulte-narcissisme\/","title":{"rendered":"Den grandiose (overt \/ \u00e5benlyse) &amp; s\u00e5rbare (covert \/ skjulte) narcissisme"},"content":{"rendered":"\n<p>De narcissistiske tr\u00e6k har en diversitet af adf\u00e6rdsm\u00e6ssige fremtr\u00e6delsesformer, hvori de prim\u00e6re er de grandiose og s\u00e5rbare adf\u00e6rdsdynamikker. Der er ikke fuldst\u00e6ndig konsensus om, hvorvidt grandiose narcissisme = \u00e5benlyse og den s\u00e5rbare = skjulte, idet andre advokerer for, den grandiose og s\u00e5rbare narcissisme kan inddeles yderligere i en \u00e5benlys og skjult adf\u00e6rd. Det betyder, at hos det enkelte individ opleves der svingninger mellem de to kategorier af adf\u00e6rd. Den m\u00e6rkbare forskel mellem den \u00e5benlyse og skjulte narcissisme, er, som navnet antyder, at den narcissistiske adf\u00e6rd er mere skjult hos nogle individer.<\/p>\n\n\n\n<p><strong>Den grandiose narcissist er \u00e5benlys i sin udtryksform, hvilket er fremvisningen af de klassiske tegn som karismatisk, ekstrovert, selvsikker, arrogant, selvk\u00f8rende og med et stort behov for at v\u00e6re i centrum for opm\u00e6rksomheden.<\/strong>\u00a0Den grandiose narcissist kan v\u00e6re succesfuld, hvilket skaber fundamentet for den beundring, som de str\u00e6ber imod. Den grandiose narcissist har hyppigt flere bekendtskaber, men ofte ikke s\u00e6rligt t\u00e6tte relationer. Netv\u00e6rket af mennesker har en udtalt betydning for narcissistens syn p\u00e5 egen v\u00e6rdi. Desuden skaber de menneskelige interaktioner potentialet for en \u00f8get forekomst af opm\u00e6rksomhed, hvilket er den bagvedliggende drivkraft for den selvpromoverende adf\u00e6rd. Den grandiose narcissist er ofte ikke afh\u00e6ngig af andre, medmindre det er til reguleringen af eget selvv\u00e6rd.<\/p>\n\n\n\n<p>Den s\u00e5rbare narcissist er komparativt med den grandiose type introvert i sin fremtr\u00e6delsesform og s\u00e6rligt afh\u00e6ngig af andre. Modsat den grandiose personlighed, har vedkommende oplevelsen af ikke at have ikke udlevet sit fulde potentielle, herunder ikke opn\u00e5et det berettiget status, hvilket de selv mener, de har krav p\u00e5. Vedkommende f\u00e5r ikke den anderkendelse, han \/ hun fortjener. <strong>De virker p\u00e5 overfladen uskyldige, depressive, \u00e6ngstelige, s\u00e5rbare, sensitive og til tider indadvendte. De kan udadtil v\u00e6re hj\u00e6lpsomme og omsorgsfulde<\/strong>.\u00a0<strong>De kan v\u00e6re eminente til at h\u00f8ste sympati fra omgivelserne, hvilket netop er et s\u00e6rligt kendetegn ved denne form for narcissisme, at individet er et offer for omst\u00e6ndighederne.<\/strong>\u00a0De har underudviklet probleml\u00f8sningsstrategier til mestringen af livets udfordringer. Den s\u00e5rbare narcissist er ofte et offer, og positionen anvendes til at manipulere og skabe sympati hos andre mennesker.\u00a0<strong>Det er nemlig alle andres skyld, n\u00e5r det kommer til modgang, konflikter, manglende indfrielse af personlige m\u00e5l, herunder udfordringer eller forhindringer, som narcissisten gennemlever<\/strong>.\u00a0<strong>Den skjulte narcissist inviterer til, at andre skal f\u00e5 medlidenhed med vedkommendes situation. Det kan fremkalde en beskyttelsestrang, hvor andre f\u00f8ler et stort behov for at redde og hj\u00e6lpe dem<\/strong>. Det vil sige, at i nogle tilf\u00e6lde tager omgivelserne parti, hvor de involverer sig i narcissistens konflikter med andre mennesker. De adf\u00e6rdsdynamikker, som du skal v\u00e6re s\u00e6rligt opm\u00e6rksomme p\u00e5, er, er der genkendelige m\u00f8nstre i narcissistens adf\u00e6rd hen over tid. Det er, hvor narcissisten ofte indtager offerrollen, og han\/hun fors\u00f8ger at involverer dig i konfliktfulde situationer, og du p\u00e5tager dig redder-rollen. De styrer omgivelserne ved at prikke til f\u00f8lelser af skyld og d\u00e5rlig samvittighed, hvis man ikke hj\u00e6lper dem. <\/p>\n\n\n\n<p>Den skjulte narcissist er relativt ofte \u00e6ngstelig af natur. Grandiositeten er skjult, men de har udtalte overbevisninger om, de er specielle og unikke individer, hvis det involverer begavelse, udseende eller andre menneskelige egenskaber. De er ikke \u00e5benlyse om deres specielle kvaliteter, hvilket er i mods\u00e6tning til den grandiose type, og n\u00e5r de konfronterer andre, s\u00e5 er det ofte ikke en direkte konfrontation, men gennem passiv aggressiv adf\u00e6rdsdynamikker og indirekte aggression. <\/p>\n\n\n\n<p>Den s\u00e5rbare narcissist er ikke transparant i sine adf\u00e6rdsm\u00f8nstre komparativt med den grandiose eller \u00e5benlyse modpart.\u00a0<strong>De er ekstremt s\u00e5rbare over for triggere, idet de er hypersensitive og tyndhudet i forhold til kritik og f\u00f8lelser af skam. De udviser en \u00f8get sensitivitet, n\u00e5r det kommer til trusler mod egoet.<\/strong>\u00a0En trussel eller konfrontation med det skr\u00f8belige selvv\u00e6rd, f\u00e5r den s\u00e5rbare narcissist til at reagere kraftigt med vrede og h\u00e6vngerrighed. Den s\u00e5rbare og grandiose narcissist er begge motiveret mod status og validering, herunder udviser de begge en manglende empati og en berettigelse til en speciel behandling. Adf\u00e6rdsm\u00f8nstrene g\u00e5r dog mere under radaren og skjult hos den s\u00e5rbare type. En kort opsummering for nu. De \u00e5benlyse og skjulte tr\u00e6k kan optr\u00e6de i det samme individ, men det ene vil oftest v\u00e6re dominerende.<\/p>\n\n\n\n<p><\/p>\n","protected":false},"excerpt":{"rendered":"<p>De narcissistiske tr\u00e6k har en diversitet af adf\u00e6rdsm\u00e6ssige fremtr\u00e6delsesformer, hvori de prim\u00e6re er de grandiose og s\u00e5rbare adf\u00e6rdsdynamikker. Der er ikke fuldst\u00e6ndig konsensus om, hvorvidt grandiose narcissisme = \u00e5benlyse og den s\u00e5rbare = skjulte, idet andre advokerer for, den grandiose og s\u00e5rbare narcissisme kan inddeles yderligere i en \u00e5benlys og skjult adf\u00e6rd. Det betyder, at&#8230;<\/p>\n","protected":false},"author":1,"featured_media":0,"parent":0,"menu_order":0,"comment_status":"closed","ping_status":"closed","template":"","meta":{"_uf_show_specific_survey":0,"_uf_disable_surveys":false,"footnotes":""},"class_list":["post-1861","page","type-page","status-publish","hentry"],"_links":{"self":[{"href":"https:\/\/xn--psykologkajhj-mnb.dk\/index.php\/wp-json\/wp\/v2\/pages\/1861","targetHints":{"allow":["GET"]}}],"collection":[{"href":"https:\/\/xn--psykologkajhj-mnb.dk\/index.php\/wp-json\/wp\/v2\/pages"}],"about":[{"href":"https:\/\/xn--psykologkajhj-mnb.dk\/index.php\/wp-json\/wp\/v2\/types\/page"}],"author":[{"embeddable":true,"href":"https:\/\/xn--psykologkajhj-mnb.dk\/index.php\/wp-json\/wp\/v2\/users\/1"}],"replies":[{"embeddable":true,"href":"https:\/\/xn--psykologkajhj-mnb.dk\/index.php\/wp-json\/wp\/v2\/comments?post=1861"}],"version-history":[{"count":22,"href":"https:\/\/xn--psykologkajhj-mnb.dk\/index.php\/wp-json\/wp\/v2\/pages\/1861\/revisions"}],"predecessor-version":[{"id":4187,"href":"https:\/\/xn--psykologkajhj-mnb.dk\/index.php\/wp-json\/wp\/v2\/pages\/1861\/revisions\/4187"}],"wp:attachment":[{"href":"https:\/\/xn--psykologkajhj-mnb.dk\/index.php\/wp-json\/wp\/v2\/media?parent=1861"}],"curies":[{"name":"wp","href":"https:\/\/api.w.org\/{rel}","templated":true}]}}