{"id":1884,"date":"2024-05-01T09:47:28","date_gmt":"2024-05-01T09:47:28","guid":{"rendered":"https:\/\/xn--psykologkajhj-mnb.dk\/?page_id=1884"},"modified":"2025-06-20T05:34:22","modified_gmt":"2025-06-20T05:34:22","slug":"den-narcissistiske-bedsteforaelder","status":"publish","type":"page","link":"https:\/\/xn--psykologkajhj-mnb.dk\/index.php\/den-narcissistiske-bedsteforaelder\/","title":{"rendered":"Den narcissistiske bedstefor\u00e6lder"},"content":{"rendered":"\n<p><strong>Alle mennesker er forskellige, selv n\u00e5r&nbsp;man&nbsp;scorer h\u00f8jt p\u00e5 narcissistiske tr\u00e6k. Derfor vil de nedenst\u00e5ende adf\u00e6rdsdynamikker kunne observeres hos nogle mennesker, men ikke ved andre.<\/strong> Udfordringen er at generalisere adf\u00e6rden til alle, idet der ikke findes en standard manual for narcissistisk adf\u00e6rd.<strong> De beskrevne adf\u00e6rdsm\u00f8nstre skal hovedsageligt fortolkes i lyset af, at \u00e5rsagen kan v\u00e6re funderet i en nedsat empati, en selvcentreret tankegang, krav p\u00e5 speciel behandling, udnyttelsen af andre eller udtalte grandiose forestillinger<\/strong>. Alts\u00e5 fx en manglende indsigt i, hvad konsekvenserne af adf\u00e6rden kan have p\u00e5 andre mennesker i milj\u00f8et omkring individet.<\/p>\n\n\n\n<p><strong>Den narcissistiske bedstefor\u00e6lder er den aldrende udgave af den type personlighed, hvilket betyder, at individet ikke agerer anderledes end den yngre udgave.<\/strong>&nbsp;De kan v\u00e6re frav\u00e6rende eller overinvolveret. Der er enkelte forskelle. For den narcissistiske kvinde er kroppens aldring en enorm udfordring. Det manglende ungdommelige ydre og tiltr\u00e6kningskraft, det inviterer ikke l\u00e6ngere til opm\u00e6rksomhed eller fascination. Kvindens falmende attraktivitet kan ikke anvendes til manipulation og behovstilfredsstillelse. Det betyder, at de mangler v\u00e6rkt\u00f8jer til at opn\u00e5 den behandling, de normalt har forventet. Den pensionerede bedstefor\u00e6lder kan mangle kilder til tidligere tiders opm\u00e6rksomhed og validering. Den rolle kan b\u00f8rneb\u00f8rnene nu udfylde med udgangspunkt i barnets naivitet. Den gensidige transaktion kan v\u00e6re anvendelsen af gaver og penge. Den narcissistiske bedstefor\u00e6lder har ikke l\u00e6rt af erfaring, da de fors\u00f8ger at videref\u00f8re pr\u00e6cist de samme adf\u00e6rdsdynamikker, som de opdragede deres b\u00f8rn med.<\/p>\n\n\n\n<p>Det er normen, at bedstefor\u00e6ldre har en tendens til at fork\u00e6le deres b\u00f8rneb\u00f8rn. Handlingen er et gestus af k\u00e6rlighed, hvor form\u00e5let er at gl\u00e6de b\u00f8rnene uden gensidige forpligtelser. Det er naturligt, at transaktionen kan v\u00e6re at observere barnets gl\u00e6de, hvilket er bel\u00f8nningen i sig selv. N\u00e5r for\u00e6ldrene og bedstefor\u00e6ldrene er enige om v\u00e6rdien og antallet af gaver, samt barnet sidel\u00f8bende l\u00e6rer at mestre tilv\u00e6relsen og livets udfordringer, er adf\u00e6rden ikke problematisk. Hos den narcissistiske bedstefor\u00e6lder kan adf\u00e6rden have et andet form\u00e5l.&nbsp;<strong>Gaver og penge kan g\u00f8re barnet afh\u00e6ngig af bedstefor\u00e6lderen, hvilket skaber fundamentet for kontrol. Barnebarnet er kilden til opm\u00e6rksomhed, hvilket kan resultere i, at bedstefor\u00e6lderen har et udtalt behov for at v\u00e6re bedstefor\u00e6lder no.1.<\/strong>&nbsp;Bedstefor\u00e6lderen kan verbalisere, at&nbsp;<strong>barnet skal komme p\u00e5 bes\u00f8g alene<\/strong>. Det giver anledning til bedstefor\u00e6lderen f\u00e5r alt opm\u00e6rksomheden fra barnet, samt barnet kan manipuleres og p\u00e5virkes uden tilstedev\u00e6relsen af for\u00e6ldrene.<\/p>\n\n\n\n<p>Familiedynamikken fungerer som forholdet mellem for\u00e6lderen og b\u00f8rnene, hvor b\u00f8rneb\u00f8rnene vil blive forskelsbehandlet. N\u00e5r b\u00f8rneflokken inkluderer flere, er det de foretrukne b\u00f8rn eller et specielt udvalgt barn, som hovedsageligt modtager opm\u00e6rksomheden, gaverne eller pengene. Andre er syndebukke og roden til det negative, der forekommer i den dysfunktionelle familie. B\u00f8rneb\u00f8rnene kan fx modtage samme devaluerende behandling, som bedstefor\u00e6ldrene gav egne b\u00f8rn, n\u00e5r de ikke rettede ind efter behovene.&nbsp;<strong>Bedstefor\u00e6lderen kan fylde barnebarnet med d\u00e5rlig samvittighed, enten gennem gr\u00e5d, offermentalitet, eller de kan henvise til, at de har gjort alt for barnet fx k\u00f8bt gaver og for\u00e6ret penge. Det&nbsp;medf\u00f8rer, at barnebarnet f\u00e5r et f\u00f8lelsesm\u00e6ssigt ansvar og en f\u00f8lelse af at st\u00e5 i g\u00e6ld til bedstefor\u00e6lderen<\/strong>. Den narcissistiske bedstefar kan have store forventninger til barnebarnets fremtid, hvor de nogle gange skal f\u00f8lge i samme fodspor som ham selv. N\u00e5r han \u00f8nsker, at de skal jagte status og prestige, er det funderet i bedstefarens behov. Barnebarnets succes afspejler bedstefarens evner og indsats, hvilket ligeledes kan observeres hos den narcissistiske for\u00e6lder. Det reflekterer positivt tilbage p\u00e5 den narcissistiske for\u00e6lder eller bedstefor\u00e6lderen, hvis barnet er succesfuldt. Derved kan de tage en del af \u00e6ren for barnets succes, hvilket underst\u00f8tter deres grandiose selv, og deres malplaceret forestillinger om storhed.<\/p>\n\n\n\n<p class=\"has-text-align-center\"><strong>&#8221; Bedstefor\u00e6lderen kan have en overbevisning om, vedkommende var den fejlfrie og perfekte for\u00e6lder&#8221;<\/strong><\/p>\n\n\n\n<p><strong>De kan underminere din autoritet som for\u00e6lder. Den narcissistiske bedstefor\u00e6lder kan have et \u00f8nske om at bestemme og bevare kontrollen over b\u00f8rneb\u00f8rnene<\/strong>. Et eksempel kan v\u00e6re gennem involvering af barnet, n\u00e5r bedstefor\u00e6lderen bevidst mods\u00e6tter sig for\u00e6lderens v\u00e6rdier i opdragelsen. Det kan v\u00e6re en direkte irettes\u00e6ttelse af for\u00e6ldrekompetencerne, hvor barnet overh\u00f8rer samtalen mellem for\u00e6lderen og bedstefor\u00e6lderen. Det kan v\u00e6re hemmeligheder, som barnet ikke m\u00e5 involvere for\u00e6ldrene i. En anden situation kan fx v\u00e6re, n\u00e5r barnets skal passes, hvor for\u00e6lderen har givet klare anvisninger om sengetid eller slikforbrug. Det er umiddelbart harml\u00f8se handlinger, men bedstefor\u00e6ldrene viser gentagende, at barnet ikke skal f\u00f8lge for\u00e6lderens instruktioner. For\u00e6ldrene vil blive undermineret og modarbejdet, hvor det er en mulighed. De har ingen respekt for regler eller gr\u00e6nses\u00e6tning, idet de enten bevidst eller ubevidst kontinuerligt overskrider andres gr\u00e6nser. De mener selv, at de er familiens centrum. Den manglende selvindsigt kan v\u00e6re \u00e5rsagen til, at de ikke har en fornemmelse for, hvordan deres adf\u00e6rd p\u00e5virker andre.&nbsp;<\/p>\n\n\n\n<p class=\"has-text-align-center\"><strong>&#8221; Bedstefor\u00e6lderen f\u00f8ler sig som en mere kompetent for\u00e6lder komparativt med egne voksne b\u00f8rn. Det er p\u00e5 trods af, at opv\u00e6ksten har p\u00e5virket b\u00f8rnenes mentale helbred i en negativ retning.&#8221;<\/strong><\/p>\n\n\n\n<p><strong>De fors\u00f8ger i sj\u00e6ldne tilf\u00e6lde at vende b\u00f8rneb\u00f8rnene mod for\u00e6ldrene<\/strong>. Det kan v\u00e6re, n\u00e5r b\u00f8rnenes for\u00e6ldre er i et parforhold eller efter et samlivsbrud. Det kan fx v\u00e6re mod ekspartneren til eget barn, hvor narcissisten vil hj\u00e6lpe med at fjerne eller minimere den ene biologiske for\u00e6lder fra barnebarnets liv. Det er fx ikke unormalt. at en narcissistisk bedstefor\u00e6lder har en s\u00f8n eller datter med lignende tr\u00e6k, og derved f\u00e5r de et f\u00e6lles m\u00e5l. I andre tilf\u00e6lde kan bedstefor\u00e6lderen blive allieret med ekspartneren til eget barn, hvis det inviterer til en for\u00f8get indflydelse og kontrol i relation til b\u00f8rneb\u00f8rnene. De forenes mod en f\u00e6lles fjende. Det kan observeres i situationer, n\u00e5r en bedstefor\u00e6lder har en konfliktfyldt relation til egne b\u00f8rn p\u00e5 baggrund af dysfunktionelle opv\u00e6kstbetingelser, hvor vedkommendes indflydelse er fors\u00f8gt begr\u00e6nset. Andre familiemedlemmer kan mobiliseres i et fors\u00f8g p\u00e5 at isolere for\u00e6lderen, samt gradvist overbevise og fjerne barnet. Det er ikke alle mennesker, som har evnerne til at opdage manipulationen. Barnets naivitet og gentagne pr\u00e6gning fra bedstefor\u00e6lderen eller gruppepres fra andre familiemedlemmer, kan p\u00e5 sigt desv\u00e6rre overtale barnet. Det narcissistiske individ f\u00f8ler sig berettiget til at vende andres biologiske afkom mod for\u00e6ldrene, da vedkommende er &#8220;det bedste for barnet&#8221;. Det betyder, har du en mavefornemmelse om uhensigtsm\u00e6ssig adf\u00e6rd, eller har dine opv\u00e6kstbetingelser indikeret, at bedstefor\u00e6lderen har narcissistiske tendenser, kan man v\u00e6lge at minimere vedkommendes indflydelse og tilstedev\u00e6relse i b\u00f8rnenes liv. Det inkluderer ligeledes de andre familiemedlemmer, som underst\u00f8tter adf\u00e6rden. Det kan v\u00e6re beskyttende foranstaltninger. \u00a0\u00a0\u00a0<\/p>\n\n\n\n<p><\/p>\n","protected":false},"excerpt":{"rendered":"<p>Alle mennesker er forskellige, selv n\u00e5r&nbsp;man&nbsp;scorer h\u00f8jt p\u00e5 narcissistiske tr\u00e6k. Derfor vil de nedenst\u00e5ende adf\u00e6rdsdynamikker kunne observeres hos nogle mennesker, men ikke ved andre. Udfordringen er at generalisere adf\u00e6rden til alle, idet der ikke findes en standard manual for narcissistisk adf\u00e6rd. De beskrevne adf\u00e6rdsm\u00f8nstre skal hovedsageligt fortolkes i lyset af, at \u00e5rsagen kan v\u00e6re funderet&#8230;<\/p>\n","protected":false},"author":1,"featured_media":0,"parent":0,"menu_order":0,"comment_status":"closed","ping_status":"closed","template":"","meta":{"_uf_show_specific_survey":0,"_uf_disable_surveys":false,"footnotes":""},"class_list":["post-1884","page","type-page","status-publish","hentry"],"_links":{"self":[{"href":"https:\/\/xn--psykologkajhj-mnb.dk\/index.php\/wp-json\/wp\/v2\/pages\/1884","targetHints":{"allow":["GET"]}}],"collection":[{"href":"https:\/\/xn--psykologkajhj-mnb.dk\/index.php\/wp-json\/wp\/v2\/pages"}],"about":[{"href":"https:\/\/xn--psykologkajhj-mnb.dk\/index.php\/wp-json\/wp\/v2\/types\/page"}],"author":[{"embeddable":true,"href":"https:\/\/xn--psykologkajhj-mnb.dk\/index.php\/wp-json\/wp\/v2\/users\/1"}],"replies":[{"embeddable":true,"href":"https:\/\/xn--psykologkajhj-mnb.dk\/index.php\/wp-json\/wp\/v2\/comments?post=1884"}],"version-history":[{"count":68,"href":"https:\/\/xn--psykologkajhj-mnb.dk\/index.php\/wp-json\/wp\/v2\/pages\/1884\/revisions"}],"predecessor-version":[{"id":3885,"href":"https:\/\/xn--psykologkajhj-mnb.dk\/index.php\/wp-json\/wp\/v2\/pages\/1884\/revisions\/3885"}],"wp:attachment":[{"href":"https:\/\/xn--psykologkajhj-mnb.dk\/index.php\/wp-json\/wp\/v2\/media?parent=1884"}],"curies":[{"name":"wp","href":"https:\/\/api.w.org\/{rel}","templated":true}]}}