{"id":3978,"date":"2025-08-24T12:47:49","date_gmt":"2025-08-24T12:47:49","guid":{"rendered":"https:\/\/xn--psykologkajhj-mnb.dk\/?page_id=3978"},"modified":"2025-08-24T12:47:49","modified_gmt":"2025-08-24T12:47:49","slug":"terapeutisk-fleksibilitet","status":"publish","type":"page","link":"https:\/\/xn--psykologkajhj-mnb.dk\/index.php\/terapeutisk-fleksibilitet\/","title":{"rendered":"Terapeutisk fleksibilitet"},"content":{"rendered":"\n<p>Jeg er fleksibel med tidspunktet for samtaleterapien. Det er muligt med sen eftermiddag, aften eller weekendaftaler. Disse tidspunkter kan dog kun bookes ved direkte henvendelse, hvilket ekskluderer online booking &#8211; terapeutbooking. Denne l\u00f8sning kan v\u00e6re relevant, hvis man er i besk\u00e6ftigelse og gerne vil undg\u00e5 frav\u00e6r, samt adskille privat &#8211; og arbejdsliv. <\/p>\n\n\n\n<p>Samtaler, som afholdes efter kl 17:00 p\u00e5 hverdage eller i weekenden p\u00e5l\u00e6gges et ekstra gebyr. <\/p>\n","protected":false},"excerpt":{"rendered":"<p>Jeg er fleksibel med tidspunktet for samtaleterapien. Det er muligt med sen eftermiddag, aften eller weekendaftaler. Disse tidspunkter kan dog kun bookes ved direkte henvendelse, hvilket ekskluderer online booking &#8211; terapeutbooking. Denne l\u00f8sning kan v\u00e6re relevant, hvis man er i besk\u00e6ftigelse og gerne vil undg\u00e5 frav\u00e6r, samt adskille privat &#8211; og arbejdsliv. Samtaler, som afholdes&#8230;<\/p>\n","protected":false},"author":1,"featured_media":0,"parent":0,"menu_order":0,"comment_status":"closed","ping_status":"closed","template":"","meta":{"_uf_show_specific_survey":0,"_uf_disable_surveys":false,"footnotes":""},"class_list":["post-3978","page","type-page","status-publish","hentry"],"_links":{"self":[{"href":"https:\/\/xn--psykologkajhj-mnb.dk\/index.php\/wp-json\/wp\/v2\/pages\/3978","targetHints":{"allow":["GET"]}}],"collection":[{"href":"https:\/\/xn--psykologkajhj-mnb.dk\/index.php\/wp-json\/wp\/v2\/pages"}],"about":[{"href":"https:\/\/xn--psykologkajhj-mnb.dk\/index.php\/wp-json\/wp\/v2\/types\/page"}],"author":[{"embeddable":true,"href":"https:\/\/xn--psykologkajhj-mnb.dk\/index.php\/wp-json\/wp\/v2\/users\/1"}],"replies":[{"embeddable":true,"href":"https:\/\/xn--psykologkajhj-mnb.dk\/index.php\/wp-json\/wp\/v2\/comments?post=3978"}],"version-history":[{"count":1,"href":"https:\/\/xn--psykologkajhj-mnb.dk\/index.php\/wp-json\/wp\/v2\/pages\/3978\/revisions"}],"predecessor-version":[{"id":3979,"href":"https:\/\/xn--psykologkajhj-mnb.dk\/index.php\/wp-json\/wp\/v2\/pages\/3978\/revisions\/3979"}],"wp:attachment":[{"href":"https:\/\/xn--psykologkajhj-mnb.dk\/index.php\/wp-json\/wp\/v2\/media?parent=3978"}],"curies":[{"name":"wp","href":"https:\/\/api.w.org\/{rel}","templated":true}]}}