{"id":85,"date":"2023-06-03T06:19:57","date_gmt":"2023-06-03T06:19:57","guid":{"rendered":"https:\/\/xn--psykologkajhj-mnb.dk\/?page_id=85"},"modified":"2026-04-27T09:48:44","modified_gmt":"2026-04-27T09:48:44","slug":"priser","status":"publish","type":"page","link":"https:\/\/xn--psykologkajhj-mnb.dk\/index.php\/priser\/","title":{"rendered":"Priser"},"content":{"rendered":"\n<figure class=\"wp-block-table has-small-font-size\"><table><tbody><tr><td class=\"has-text-align-left\" data-align=\"left\">Ydelser pr. 01.09.2025 (Prisstigninger p\u00e5 ydelser fra 01.06.26)<\/td><td>Priser:<\/td><\/tr><tr><td class=\"has-text-align-left\" data-align=\"left\">Session (50 min.)<\/td><td>950 kr.   (1000 kr.)<\/td><\/tr><tr><td class=\"has-text-align-left\" data-align=\"left\">Session (75 min.)<\/td><td>1400 kr. (1500 kr.)<\/td><\/tr><tr><td class=\"has-text-align-left\" data-align=\"left\">Session (100 min)<\/td><td>1800 kr. (2000 kr.)<\/td><\/tr><tr><td class=\"has-text-align-left\" data-align=\"left\">Reduceret pris &#8211; l\u00e6gehenvisning<\/td><td>650 kr.   (750 kr.)<\/td><\/tr><tr><td class=\"has-text-align-left\" data-align=\"left\">Studerende \/ f\u00f8rtidspensionist \/ pensionist<\/td><td>500 kr. (750 kr.)<\/td><\/tr><tr><td class=\"has-text-align-left\" data-align=\"left\">Afbud eller udeblivelsesgebyr &#8211; 24 timers reglen<\/td><td>350 kr. <\/td><\/tr><tr><td class=\"has-text-align-left\" data-align=\"left\">*Priserne er g\u00e6ldende ved b\u00e5de fysisk og online terapi samt telefonisk. <br><br>Aktivt medlem af Sygesikringen &#8220;danmark&#8221; &#8211; mulighed for tilskud til behandlingen. <br><br>Jeg tager p\u00e5 nuv\u00e6rende tidspunkt ikke mod henvisninger fra din praktiserende l\u00e6ge.<br><\/td><td><br><\/td><\/tr><\/tbody><\/table><\/figure>\n\n\n\n<p class=\"has-small-font-size\">V\u00e6re opm\u00e6rksom p\u00e5 at melde afbud ved sygdom, eller hvis du p\u00e5 anden vis er forhindret i et fremm\u00f8de.<\/p>\n\n\n\n<p class=\"has-small-font-size\"><strong>Afbud eller udeblivelsesgebyr &#8211; 24 timers reglen: <\/strong><\/p>\n\n\n\n<p class=\"has-small-font-size\">Dette g\u00e6lder privatbetalende eller henvist af et forsikringsselskab. Dit forsikringsselskab d\u00e6kker ikke gebyret.&nbsp;<\/p>\n\n\n\n<p class=\"has-small-font-size\">Afbud foretaget efter 24 timers reglen (mindre end 24 timer f\u00f8r den aftalte session) vil blive afkr\u00e6vet et for sent afbudsgebyr, samt ved en udeblivelse.&nbsp;<\/p>\n\n\n\n<p class=\"has-small-font-size\"><strong>Sygdom eller andre personlige \u00e5rsager anses som underordnet for et afbud, og det vil blive takseret som beskrevet ovenfor ift. tid f\u00f8r samtalen.<\/strong>&nbsp;<\/p>\n\n\n\n<p class=\"has-small-font-size\">Normalt er gebyret p\u00e5 350 kr.&nbsp;<\/p>\n\n\n\n<p class=\"has-small-font-size\">PFA &#8211; online (s\u00e6rlige regler, hvor du afregner med dit forsikringsselskab).\u00a0<\/p>\n\n\n\n<p><\/p>\n","protected":false},"excerpt":{"rendered":"<p>Ydelser pr. 01.09.2025 (Prisstigninger p\u00e5 ydelser fra 01.06.26) Priser: Session (50 min.) 950 kr. (1000 kr.) Session (75 min.) 1400 kr. (1500 kr.) Session (100 min) 1800 kr. (2000 kr.) Reduceret pris &#8211; l\u00e6gehenvisning 650 kr. (750 kr.) Studerende \/ f\u00f8rtidspensionist \/ pensionist 500 kr. (750 kr.) Afbud eller udeblivelsesgebyr &#8211; 24 timers reglen 350&#8230;<\/p>\n","protected":false},"author":1,"featured_media":0,"parent":0,"menu_order":0,"comment_status":"closed","ping_status":"closed","template":"","meta":{"_uf_show_specific_survey":0,"_uf_disable_surveys":false,"footnotes":""},"class_list":["post-85","page","type-page","status-publish","hentry"],"_links":{"self":[{"href":"https:\/\/xn--psykologkajhj-mnb.dk\/index.php\/wp-json\/wp\/v2\/pages\/85","targetHints":{"allow":["GET"]}}],"collection":[{"href":"https:\/\/xn--psykologkajhj-mnb.dk\/index.php\/wp-json\/wp\/v2\/pages"}],"about":[{"href":"https:\/\/xn--psykologkajhj-mnb.dk\/index.php\/wp-json\/wp\/v2\/types\/page"}],"author":[{"embeddable":true,"href":"https:\/\/xn--psykologkajhj-mnb.dk\/index.php\/wp-json\/wp\/v2\/users\/1"}],"replies":[{"embeddable":true,"href":"https:\/\/xn--psykologkajhj-mnb.dk\/index.php\/wp-json\/wp\/v2\/comments?post=85"}],"version-history":[{"count":73,"href":"https:\/\/xn--psykologkajhj-mnb.dk\/index.php\/wp-json\/wp\/v2\/pages\/85\/revisions"}],"predecessor-version":[{"id":4263,"href":"https:\/\/xn--psykologkajhj-mnb.dk\/index.php\/wp-json\/wp\/v2\/pages\/85\/revisions\/4263"}],"wp:attachment":[{"href":"https:\/\/xn--psykologkajhj-mnb.dk\/index.php\/wp-json\/wp\/v2\/media?parent=85"}],"curies":[{"name":"wp","href":"https:\/\/api.w.org\/{rel}","templated":true}]}}