{"id":93,"date":"2023-06-03T06:29:40","date_gmt":"2023-06-03T06:29:40","guid":{"rendered":"https:\/\/xn--psykologkajhj-mnb.dk\/?page_id=93"},"modified":"2025-03-10T10:53:21","modified_gmt":"2025-03-10T10:53:21","slug":"behandling","status":"publish","type":"page","link":"https:\/\/xn--psykologkajhj-mnb.dk\/index.php\/behandling\/","title":{"rendered":"Behandling"},"content":{"rendered":"\n<p class=\"has-small-font-size\">Min praksis tager udgangspunkt i en eklektisk tankegang, hvilket betyder, at terapien tilpasses den enkeltes behov. Det er min erfaring, at nogle behandlingsmetoder skaber positive resultater hos en gruppe af klienter, hvor andre har behov for alternative strategier. Det kan eksempelvis v\u00e6re anvendelsen af mindfulness. Behandlingsformen er evidensbaseret, og forskning peger p\u00e5 flere gavnlige effekter ved meditation, men \u00f8velserne er ikke for alle. Det terapeutiske rum har visse frihedsgrader, men udvalgte behandlingsformer er standardiseret afh\u00e6ngigt af dine udfordringer eller diagnoser.<\/p>\n\n\n\n<p class=\"has-small-font-size\">Jeg behandler f.eks. :<\/p>\n\n\n\n<ul class=\"wp-block-list has-small-font-size\">\n<li class=\"has-small-font-size\">Angst<\/li>\n<\/ul>\n\n\n\n<ul class=\"wp-block-list has-small-font-size\">\n<li class=\"has-small-font-size\">Stress (belastningsreaktion, tilpasningsreaktion)<\/li>\n<\/ul>\n\n\n\n<ul class=\"wp-block-list has-small-font-size\">\n<li class=\"has-small-font-size\">Depression (mild &#8211; moderat)<\/li>\n<\/ul>\n\n\n\n<ul class=\"wp-block-list has-small-font-size\">\n<li class=\"has-small-font-size\">Smerteh\u00e5ndtering<\/li>\n<\/ul>\n\n\n\n<ul class=\"wp-block-list has-small-font-size\">\n<li class=\"has-small-font-size\">Lavt selvv\u00e6rd<\/li>\n<\/ul>\n\n\n\n<ul class=\"wp-block-list has-small-font-size\">\n<li class=\"has-small-font-size\">Bekymringstendens \/ rumination<\/li>\n<\/ul>\n\n\n\n<ul class=\"wp-block-list has-small-font-size\">\n<li class=\"has-small-font-size\">Sorg<\/li>\n<\/ul>\n\n\n\n<ul class=\"wp-block-list has-small-font-size\">\n<li class=\"has-small-font-size\">Skilsmisse eller andre livskriser<\/li>\n<\/ul>\n\n\n\n<ul class=\"wp-block-list has-small-font-size\">\n<li class=\"has-small-font-size\">Relationelle udfordringer<\/li>\n<\/ul>\n\n\n\n<p class=\"has-small-font-size\">Terapien tager fortrinsvist udgangspunkt i evidensbaseret traditioner som kognitiv adf\u00e6rdsterapi (KAT), Acceptance and Commitment Therapy (ACT) og mindfulness. <\/p>\n","protected":false},"excerpt":{"rendered":"<p>Min praksis tager udgangspunkt i en eklektisk tankegang, hvilket betyder, at terapien tilpasses den enkeltes behov. Det er min erfaring, at nogle behandlingsmetoder skaber positive resultater hos en gruppe af klienter, hvor andre har behov for alternative strategier. Det kan eksempelvis v\u00e6re anvendelsen af mindfulness. Behandlingsformen er evidensbaseret, og forskning peger p\u00e5 flere gavnlige effekter&#8230;<\/p>\n","protected":false},"author":1,"featured_media":3453,"parent":0,"menu_order":0,"comment_status":"closed","ping_status":"closed","template":"","meta":{"_uf_show_specific_survey":0,"_uf_disable_surveys":false,"footnotes":""},"class_list":["post-93","page","type-page","status-publish","has-post-thumbnail","hentry"],"_links":{"self":[{"href":"https:\/\/xn--psykologkajhj-mnb.dk\/index.php\/wp-json\/wp\/v2\/pages\/93","targetHints":{"allow":["GET"]}}],"collection":[{"href":"https:\/\/xn--psykologkajhj-mnb.dk\/index.php\/wp-json\/wp\/v2\/pages"}],"about":[{"href":"https:\/\/xn--psykologkajhj-mnb.dk\/index.php\/wp-json\/wp\/v2\/types\/page"}],"author":[{"embeddable":true,"href":"https:\/\/xn--psykologkajhj-mnb.dk\/index.php\/wp-json\/wp\/v2\/users\/1"}],"replies":[{"embeddable":true,"href":"https:\/\/xn--psykologkajhj-mnb.dk\/index.php\/wp-json\/wp\/v2\/comments?post=93"}],"version-history":[{"count":19,"href":"https:\/\/xn--psykologkajhj-mnb.dk\/index.php\/wp-json\/wp\/v2\/pages\/93\/revisions"}],"predecessor-version":[{"id":3333,"href":"https:\/\/xn--psykologkajhj-mnb.dk\/index.php\/wp-json\/wp\/v2\/pages\/93\/revisions\/3333"}],"wp:featuredmedia":[{"embeddable":true,"href":"https:\/\/xn--psykologkajhj-mnb.dk\/index.php\/wp-json\/wp\/v2\/media\/3453"}],"wp:attachment":[{"href":"https:\/\/xn--psykologkajhj-mnb.dk\/index.php\/wp-json\/wp\/v2\/media?parent=93"}],"curies":[{"name":"wp","href":"https:\/\/api.w.org\/{rel}","templated":true}]}}